 {"id":6747,"date":"2026-03-02T14:59:26","date_gmt":"2026-03-02T13:59:26","guid":{"rendered":"https:\/\/profitpoint.ch\/produkt\/schluesselanhaenger-anti-muecken\/"},"modified":"2026-04-23T00:17:59","modified_gmt":"2026-04-22T22:17:59","slug":"schluesselanhaenger-anti-muecken","status":"publish","type":"product","link":"https:\/\/profitpoint.ch\/?product=schluesselanhaenger-anti-muecken","title":{"rendered":"Schl\u00fcsselanh\u00e4nger Anti-M\u00fccken"},"content":{"rendered":"","protected":false},"excerpt":{"rendered":"","protected":false},"featured_media":0,"template":"","meta":{"_acf_changed":false},"product_brand":[],"product_cat":[274],"product_tag":[],"class_list":{"0":"post-6747","1":"product","2":"type-product","3":"status-publish","5":"product_cat-elektroartikel","7":"first","8":"instock","9":"taxable","10":"shipping-taxable","11":"product-type-simple"},"acf":[],"_links":{"self":[{"href":"https:\/\/profitpoint.ch\/index.php?rest_route=\/wp\/v2\/product\/6747","targetHints":{"allow":["GET"]}}],"collection":[{"href":"https:\/\/profitpoint.ch\/index.php?rest_route=\/wp\/v2\/product"}],"about":[{"href":"https:\/\/profitpoint.ch\/index.php?rest_route=\/wp\/v2\/types\/product"}],"wp:attachment":[{"href":"https:\/\/profitpoint.ch\/index.php?rest_route=%2Fwp%2Fv2%2Fmedia&parent=6747"}],"wp:term":[{"taxonomy":"product_brand","embeddable":true,"href":"https:\/\/profitpoint.ch\/index.php?rest_route=%2Fwp%2Fv2%2Fproduct_brand&post=6747"},{"taxonomy":"product_cat","embeddable":true,"href":"https:\/\/profitpoint.ch\/index.php?rest_route=%2Fwp%2Fv2%2Fproduct_cat&post=6747"},{"taxonomy":"product_tag","embeddable":true,"href":"https:\/\/profitpoint.ch\/index.php?rest_route=%2Fwp%2Fv2%2Fproduct_tag&post=6747"}],"curies":[{"name":"wp","href":"https:\/\/api.w.org\/{rel}","templated":true}]}}