 {"id":2262,"date":"2025-03-19T09:47:49","date_gmt":"2025-03-19T08:47:49","guid":{"rendered":"https:\/\/profitpoint.ch\/produkt\/jaegermeister-kraeuterlikoer\/"},"modified":"2026-04-23T00:17:03","modified_gmt":"2026-04-22T22:17:03","slug":"jaegermeister-kraeuterlikoer","status":"publish","type":"product","link":"https:\/\/profitpoint.ch\/?product=jaegermeister-kraeuterlikoer","title":{"rendered":"J\u00e4germeister Kr\u00e4uterlik\u00f6r 35%"},"content":{"rendered":"","protected":false},"excerpt":{"rendered":"","protected":false},"featured_media":5655,"template":"","meta":{"_acf_changed":false},"product_brand":[],"product_cat":[299],"product_tag":[],"class_list":{"0":"post-2262","1":"product","2":"type-product","3":"status-publish","4":"has-post-thumbnail","6":"product_cat-likoer","8":"first","9":"instock","10":"taxable","11":"shipping-taxable","12":"product-type-simple"},"acf":[],"_links":{"self":[{"href":"https:\/\/profitpoint.ch\/index.php?rest_route=\/wp\/v2\/product\/2262","targetHints":{"allow":["GET"]}}],"collection":[{"href":"https:\/\/profitpoint.ch\/index.php?rest_route=\/wp\/v2\/product"}],"about":[{"href":"https:\/\/profitpoint.ch\/index.php?rest_route=\/wp\/v2\/types\/product"}],"wp:featuredmedia":[{"embeddable":true,"href":"https:\/\/profitpoint.ch\/index.php?rest_route=\/wp\/v2\/media\/5655"}],"wp:attachment":[{"href":"https:\/\/profitpoint.ch\/index.php?rest_route=%2Fwp%2Fv2%2Fmedia&parent=2262"}],"wp:term":[{"taxonomy":"product_brand","embeddable":true,"href":"https:\/\/profitpoint.ch\/index.php?rest_route=%2Fwp%2Fv2%2Fproduct_brand&post=2262"},{"taxonomy":"product_cat","embeddable":true,"href":"https:\/\/profitpoint.ch\/index.php?rest_route=%2Fwp%2Fv2%2Fproduct_cat&post=2262"},{"taxonomy":"product_tag","embeddable":true,"href":"https:\/\/profitpoint.ch\/index.php?rest_route=%2Fwp%2Fv2%2Fproduct_tag&post=2262"}],"curies":[{"name":"wp","href":"https:\/\/api.w.org\/{rel}","templated":true}]}}