 {"id":99,"date":"2025-01-28T17:11:08","date_gmt":"2025-01-28T16:11:08","guid":{"rendered":"https:\/\/dev.profitpoint.ch\/?page_id=99"},"modified":"2025-04-24T13:41:20","modified_gmt":"2025-04-24T11:41:20","slug":"agb","status":"publish","type":"page","link":"https:\/\/profitpoint.ch\/?page_id=99","title":{"rendered":"AGB"},"content":{"rendered":"<div class=\"fusion-fullwidth fullwidth-box fusion-builder-row-1 fusion-flex-container has-pattern-background has-mask-background nonhundred-percent-fullwidth non-hundred-percent-height-scrolling\" style=\"--awb-border-radius-top-left:0px;--awb-border-radius-top-right:0px;--awb-border-radius-bottom-right:0px;--awb-border-radius-bottom-left:0px;--awb-padding-right-medium:3%;--awb-padding-left-medium:3%;--awb-background-color:var(--awb-color2);--awb-flex-wrap:wrap;\" ><div class=\"fusion-builder-row fusion-row fusion-flex-align-items-flex-start fusion-flex-content-wrap\" style=\"max-width:1580.8px;margin-left: calc(-4% \/ 2 );margin-right: calc(-4% \/ 2 );\"><div class=\"fusion-layout-column fusion_builder_column fusion-builder-column-0 fusion_builder_column_1_1 1_1 fusion-flex-column\" style=\"--awb-padding-top:30px;--awb-bg-size:cover;--awb-width-large:100%;--awb-margin-top-large:0px;--awb-spacing-right-large:1.92%;--awb-margin-bottom-large:20px;--awb-spacing-left-large:1.92%;--awb-width-medium:100%;--awb-order-medium:0;--awb-spacing-right-medium:1.92%;--awb-spacing-left-medium:1.92%;--awb-width-small:100%;--awb-order-small:0;--awb-spacing-right-small:1.92%;--awb-spacing-left-small:1.92%;\" data-scroll-devices=\"small-visibility,medium-visibility,large-visibility\"><div class=\"fusion-column-wrapper fusion-column-has-shadow fusion-flex-justify-content-flex-start fusion-content-layout-column\"><div class=\"fusion-title title fusion-title-1 fusion-sep-none fusion-title-text fusion-title-size-one\" style=\"--awb-margin-top-small:10px;--awb-margin-right-small:0px;--awb-margin-bottom-small:10px;--awb-margin-left-small:0px;--awb-font-size:var(--awb-typography1-font-size);\"><h1 class=\"fusion-title-heading title-heading-left fusion-responsive-typography-calculated\" style=\"font-family:var(--awb-typography1-font-family);font-weight:var(--awb-typography1-font-weight);font-style:var(--awb-typography1-font-style);margin:0;letter-spacing:var(--awb-typography1-letter-spacing);text-transform:var(--awb-typography1-text-transform);font-size:1em;--fontSize:30;line-height:var(--awb-typography1-line-height);\">Allgemeine Gesch\u00e4ftsbedingungen von Profit Point<\/h1><\/div><div class=\"fusion-title title fusion-title-2 fusion-sep-none fusion-title-text fusion-title-size-two\" style=\"--awb-margin-top-small:10px;--awb-margin-right-small:0px;--awb-margin-bottom-small:10px;--awb-margin-left-small:0px;\"><h2 class=\"fusion-title-heading title-heading-left fusion-responsive-typography-calculated\" style=\"margin:0;--fontSize:26;line-height:var(--awb-typography1-line-height);\">1. Geltungsbereich \/ Allgemeines<\/h2><\/div><div class=\"fusion-text fusion-text-1\"><p>Die Profit Point GmbH, G\u00fcterstrasse 137, 4053 Basel, (nachfolgend Profit Point) mit Sitz in Basel betreibt Online-Dienste.<\/p>\n<p>Diese Allgemeinen Gesch\u00e4ftsbedingungen (nachfolgend &#8222;AGB&#8220; genannt) gelten f\u00fcr s\u00e4mtliche Rechtsgesch\u00e4fte, die \u00fcber den Onlineshop www.profitpoint.ch abgeschlossen werden.<\/p>\n<\/div><div class=\"fusion-title title fusion-title-3 fusion-sep-none fusion-title-text fusion-title-size-two\" style=\"--awb-margin-top-small:10px;--awb-margin-right-small:0px;--awb-margin-bottom-small:10px;--awb-margin-left-small:0px;\"><h2 class=\"fusion-title-heading title-heading-left fusion-responsive-typography-calculated\" style=\"margin:0;--fontSize:26;line-height:var(--awb-typography1-line-height);\">2. Bestellung<\/h2><\/div><div class=\"fusion-title title fusion-title-4 fusion-sep-none fusion-title-text fusion-title-size-three\" style=\"--awb-margin-top-small:10px;--awb-margin-right-small:0px;--awb-margin-bottom-small:10px;--awb-margin-left-small:0px;\"><h3 class=\"fusion-title-heading title-heading-left fusion-responsive-typography-calculated\" style=\"margin:0;--fontSize:24;line-height:var(--awb-typography1-line-height);\">2.1. Wie kann bestellt werden?<\/h3><\/div><div class=\"fusion-text fusion-text-2\"><p>Bestellungen im Onlineshop erfolgen ausschliesslich online.<\/p>\n<\/div><div class=\"fusion-title title fusion-title-5 fusion-sep-none fusion-title-text fusion-title-size-three\" style=\"--awb-margin-top-small:10px;--awb-margin-right-small:0px;--awb-margin-bottom-small:10px;--awb-margin-left-small:0px;\"><h3 class=\"fusion-title-heading title-heading-left fusion-responsive-typography-calculated\" style=\"margin:0;--fontSize:24;line-height:var(--awb-typography1-line-height);\">2.2. Sortiment und Produkteinformation<\/h3><\/div><div class=\"fusion-text fusion-text-3\"><p>Profit Point ist stets darauf bedacht, genaue Produktinformationen bereitzustellen. Die auf dem Onlineshop ver\u00f6ffentlichten Produktinformationen werden kontinuierlich und mit gr\u00f6sstm\u00f6glicher Genauigkeit aktualisiert. Es kann jedoch in seltenen F\u00e4llen vorkommen, dass diese Produkteinformationen von den tats\u00e4chlichen Angaben auf der Verpackung abweichen. In solchen F\u00e4llen sind immer die Angaben auf der Verpackung massgeblich.<\/p>\n<\/div><div class=\"fusion-title title fusion-title-6 fusion-sep-none fusion-title-text fusion-title-size-three\" style=\"--awb-margin-top-small:10px;--awb-margin-right-small:0px;--awb-margin-bottom-small:10px;--awb-margin-left-small:0px;\"><h3 class=\"fusion-title-heading title-heading-left fusion-responsive-typography-calculated\" style=\"margin:0;--fontSize:24;line-height:var(--awb-typography1-line-height);\">2.3. Alkohol- und Tabakwaren<\/h3><\/div><div class=\"fusion-text fusion-text-4\"><p>Profit Point\u00a0verkauft keine alkoholischen Getr\u00e4nke oder Tabakwaren an Personen unter 18 Jahren. Mit der Bestellung von Alkohol und Tabakprodukten best\u00e4tigt der Kunde, dass er mindestens 18 Jahre alt ist und sich verpflichtet, sicherzustellen, dass die Lieferung von einer vollj\u00e4hrigen Person entgegengenommen wird. Dies gilt sowohl f\u00fcr die pers\u00f6nliche Annahme bei Zustellung durch Lieferdienste als auch im Falle einer Ablage vor der Haust\u00fcr. Bei Nichtbeachtung dieser Bedingungen beh\u00e4lt sich Profit Point das Recht vor, die Bestellung zu stornieren.<\/p>\n<\/div><div class=\"fusion-title title fusion-title-7 fusion-sep-none fusion-title-text fusion-title-size-three\" style=\"--awb-margin-top-small:10px;--awb-margin-right-small:0px;--awb-margin-bottom-small:10px;--awb-margin-left-small:0px;\"><h3 class=\"fusion-title-heading title-heading-left fusion-responsive-typography-calculated\" style=\"margin:0;--fontSize:24;line-height:var(--awb-typography1-line-height);\">2.4. Bestellaufgabe \/ Vertragsschluss<\/h3><\/div><div class=\"fusion-text fusion-text-5\"><p>Mit der Bestellung akzeptiert der Kunde die AGB und gibt ein rechtlich verbindliches Angebot zum Vertragsabschluss ab.<\/p>\n<p>Die Bestellung ist f\u00fcr den Kunden verbindlich, wenn er den Online-Bestellvorgang mit dem Best\u00e4tigungs-Button \u00abJetzt kostenpflichtig bestellen\u00bb abschliesst. Nach dem Klick auf den Best\u00e4tigungs-Button kann der Kunde den Inhalt der Bestellung nicht mehr \u00e4ndern. Mit dem Klick auf den Best\u00e4tigungs-Button best\u00e4tigt der Kunde die Richtigkeit s\u00e4mtlicher von ihm gemachten Angaben. Mit dem Klick auf den Best\u00e4tigungs-Button unterbreitet der Kunde sein verbindliches Angebot zum Bezug der bestellten Produkte. Der Kunde erh\u00e4lt unmittelbar nach dem Abschluss des Bestellvorgangs per E-Mail eine Best\u00e4tigung des Bestelleingangs. Diese Best\u00e4tigungs-E-Mail von Profit Pointn stellt die Annahme des Angebots durch Profit Point dar.<\/p>\n<\/div><div class=\"fusion-title title fusion-title-8 fusion-sep-none fusion-title-text fusion-title-size-two\" style=\"--awb-margin-top-small:10px;--awb-margin-right-small:0px;--awb-margin-bottom-small:10px;--awb-margin-left-small:0px;\"><h2 class=\"fusion-title-heading title-heading-left fusion-responsive-typography-calculated\" style=\"margin:0;--fontSize:26;line-height:var(--awb-typography1-line-height);\">3. Lieferung \/ Mindestbestellmengen<\/h2><\/div><div class=\"fusion-title title fusion-title-9 fusion-sep-none fusion-title-text fusion-title-size-three\" style=\"--awb-margin-top-small:10px;--awb-margin-right-small:0px;--awb-margin-bottom-small:10px;--awb-margin-left-small:0px;\"><h3 class=\"fusion-title-heading title-heading-left fusion-responsive-typography-calculated\" style=\"margin:0;--fontSize:24;line-height:var(--awb-typography1-line-height);\">3.1. Lieferung<\/h3><\/div><div class=\"fusion-text fusion-text-6\"><p>Die Lieferung erfolgt kostenfrei per Spedition ausschliesslich an Lieferadressen in der Schweiz und dem F\u00fcrstentum Lichtenstein.<\/p>\n<p>Mit der \u00dcbergabe der Bestellung an den Lieferdienst gehen Nutzen und Gefahr an den Kunden \u00fcber. Profit Point kann nicht f\u00fcr Sch\u00e4den haftbar gemacht werden, die sich aus dem Versand ergeben, einschliesslich, aber nicht beschr\u00e4nkt auf Diebstahl, Verlust, versp\u00e4tete Lieferung.<\/p>\n<p>F\u00fcr den Fall, dass die Zustellung aus Gr\u00fcnden, die Profit Point nicht zu vertreten hat, wie z.B. falsche Lieferadresse, fehlender Empf\u00e4nger, fehlende Zugangsberechtigung, schlechte Wetter- oder Verkehrsverh\u00e4ltnisse oder sonstige Gefahren, nicht oder nur unter erschwerten Bedingungen m\u00f6glich ist, kann Profit Point nicht haftbar gemacht werden. Der Kunde stimmt mit der Bestellung diesem Haftungsausschluss ausdr\u00fccklich zu.<\/p>\n<\/div><div class=\"fusion-title title fusion-title-10 fusion-sep-none fusion-title-text fusion-title-size-three\" style=\"--awb-margin-top-small:10px;--awb-margin-right-small:0px;--awb-margin-bottom-small:10px;--awb-margin-left-small:0px;\"><h3 class=\"fusion-title-heading title-heading-left fusion-responsive-typography-calculated\" style=\"margin:0;--fontSize:24;line-height:var(--awb-typography1-line-height);\">3.2. Abholung<\/h3><\/div><div class=\"fusion-text fusion-text-7\"><p>Eine Abholung im Warenlager der Profit Point an der G\u00fcterstrasse 137, 4053 Basel ist nach vorg\u00e4ngiger Terminabsprache ebenfalls m\u00f6glich.<\/p>\n<p>Bei Abholung gew\u00e4hrt Profit Point dem Kunden einen Rabatt von 3% auf die Bestellsumme.<\/p>\n<\/div><div class=\"fusion-title title fusion-title-11 fusion-sep-none fusion-title-text fusion-title-size-three\" style=\"--awb-margin-top-small:10px;--awb-margin-right-small:0px;--awb-margin-bottom-small:10px;--awb-margin-left-small:0px;\"><h3 class=\"fusion-title-heading title-heading-left fusion-responsive-typography-calculated\" style=\"margin:0;--fontSize:24;line-height:var(--awb-typography1-line-height);\">3.3. Mindestbestellmengen<\/h3><\/div><div class=\"fusion-text fusion-text-8\"><p>Die Mindestbestellmengen sind wie folgt:<\/p>\n<p><strong>Zone 1 &#8211; Kanton BS:<\/strong> CHF 200.00<br \/>\n<strong>Zone 2 &#8211; Kanton BL, AG, SO, ZH:<\/strong> CHF 500.00<br \/>\n<strong>Zone 3 &#8211; \u00dcbrige CH und FL:<\/strong> CHF 1&#8217;000.00<\/p>\n<\/div><div class=\"fusion-title title fusion-title-12 fusion-sep-none fusion-title-text fusion-title-size-two\" style=\"--awb-margin-top-small:10px;--awb-margin-right-small:0px;--awb-margin-bottom-small:10px;--awb-margin-left-small:0px;\"><h2 class=\"fusion-title-heading title-heading-left fusion-responsive-typography-calculated\" style=\"margin:0;--fontSize:26;line-height:var(--awb-typography1-line-height);\">4. Preise und Bezahlung<\/h2><\/div><div class=\"fusion-title title fusion-title-13 fusion-sep-none fusion-title-text fusion-title-size-three\" style=\"--awb-margin-top-small:10px;--awb-margin-right-small:0px;--awb-margin-bottom-small:10px;--awb-margin-left-small:0px;\"><h3 class=\"fusion-title-heading title-heading-left fusion-responsive-typography-calculated\" style=\"margin:0;--fontSize:24;line-height:var(--awb-typography1-line-height);\">4.1. Preise<\/h3><\/div><div class=\"fusion-text fusion-text-9\"><p>Alle Preise verstehen sich in Schweizer Franken, inklusive anwendbarer Mehrwertsteuer, exkl. Versandkosten. Massgebend sind stets die Preise, wie sie auf der Internetseite des Onlineshops zum Zeitpunkt der Bestellung angezeigt werden.<\/p>\n<p>Die auf der Website angezeigten Preise k\u00f6nnen jederzeit und ohne Vorank\u00fcndigung von Profit Point ge\u00e4ndert werden. Jede vor der Publikation der Preis\u00e4nderung get\u00e4tigte und best\u00e4tigte Bestellung muss zu den vor der \u00c4nderung angezeigten Preisen ausgef\u00fchrt werden.<\/p>\n<\/div><div class=\"fusion-title title fusion-title-14 fusion-sep-none fusion-title-text fusion-title-size-three\" style=\"--awb-margin-top-small:10px;--awb-margin-right-small:0px;--awb-margin-bottom-small:10px;--awb-margin-left-small:0px;\"><h3 class=\"fusion-title-heading title-heading-left fusion-responsive-typography-calculated\" style=\"margin:0;--fontSize:24;line-height:var(--awb-typography1-line-height);\">4.2. Zahlungsmethoden<\/h3><\/div><div class=\"fusion-text fusion-text-10\"><p>Bei Profit Point stehen Ihnen die folgenden Zahlungsarten zur Verf\u00fcgung:<\/p>\n<p><strong>Vorkasse<\/strong><br \/>\nBei Auswahl der Zahlungsart Vorkasse nennen wir Ihnen unsere Bankverbindung in der Auftragsbest\u00e4tigung und liefern die Ware nach Zahlungseingang.<\/p>\n<p><strong>Rechnung<\/strong><br \/>\nSie bezahlen den Rechnungsbetrag via Rechnung \u00fcber den Anbieter Payrexx. Weitere Hinweise erhalten Sie beim Bestellvorgang.<\/p>\n<p><strong>TWINT<\/strong><br \/>\nSie bezahlen den Rechnungsbetrag via TWINT \u00fcber den Anbieter Payrexx. Weitere Hinweise erhalten Sie beim Bestellvorgang.<\/p>\n<p><strong>Paypal<\/strong><br \/>\nSie bezahlen den Rechnungsbetrag \u00fcber den Online-Anbieter Paypal. Sie m\u00fcssen grunds\u00e4tzlich dort registriert sein bzw. sich erst registrieren, mit Ihren Zugangsdaten legitimieren und die Zahlungsanweisung an uns best\u00e4tigen (Ausnahme ggf. Gastzugang). Weitere Hinweise erhalten Sie beim Bestellvorgang.<\/p>\n<p><strong>Visa \/ Mastercard<\/strong><br \/>\nSie bezahlen den Rechnungsbetrag via Visa oder Mastercard \u00fcber den Anbieter Payrexx. Weitere Hinweise erhalten Sie beim Bestellvorgang.<\/p>\n<p><strong>Postcard \/ Post E-Finance<\/strong><br \/>\nSie bezahlen den Rechnungsbetrag via Postcard oder Post E-Finance \u00fcber den Anbieter Payrexx. Weitere Hinweise erhalten Sie beim Bestellvorgang.<\/p>\n<p><strong>Barzahlung bei Abholung<\/strong><br \/>\nSie bezahlen den Rechnungsbetrag in Bar bei Abholung der Ware bei Schroth AG, Transportstrasse 5, 9450 Altst\u00e4tten, Schweiz.<\/p>\n<p>Die dem Kunden gelieferten Produkte bleiben bis zur vollst\u00e4ndigen Bezahlung im Eigentum von Profit Point.<\/p>\n<\/div><div class=\"fusion-title title fusion-title-15 fusion-sep-none fusion-title-text fusion-title-size-two\" style=\"--awb-margin-top-small:10px;--awb-margin-right-small:0px;--awb-margin-bottom-small:10px;--awb-margin-left-small:0px;\"><h2 class=\"fusion-title-heading title-heading-left fusion-responsive-typography-calculated\" style=\"margin:0;--fontSize:26;line-height:var(--awb-typography1-line-height);\">5. Reklamationen und R\u00fccksendungen<\/h2><\/div><div class=\"fusion-text fusion-text-11\"><p>Die erhaltene Ware ist vom Empf\u00e4nger sofort nach Erhalt auf Vollst\u00e4ndigkeit und Richtigkeit zu pr\u00fcfen. Reklamationen m\u00fcssen innerhalb von 5 Arbeitstagen an Profit Point in schriftlicher Form gemeldet werden. Fehllieferungen, welche auf Fehler der Profit Point zur\u00fcckzuf\u00fchren sind, werden auf Kosten von Profit Point zur\u00fcckgenommen. Lebensmittel, Getr\u00e4nke und Non-Food Produkte sind vom R\u00fcckgaberecht ausgeschlossen.<\/p>\n<\/div><div class=\"fusion-title title fusion-title-16 fusion-sep-none fusion-title-text fusion-title-size-two\" style=\"--awb-margin-top-small:10px;--awb-margin-right-small:0px;--awb-margin-bottom-small:10px;--awb-margin-left-small:0px;\"><h2 class=\"fusion-title-heading title-heading-left fusion-responsive-typography-calculated\" style=\"margin:0;--fontSize:26;line-height:var(--awb-typography1-line-height);\">6. Haftung<\/h2><\/div><div class=\"fusion-title title fusion-title-17 fusion-sep-none fusion-title-text fusion-title-size-three\" style=\"--awb-margin-top-small:10px;--awb-margin-right-small:0px;--awb-margin-bottom-small:10px;--awb-margin-left-small:0px;\"><h3 class=\"fusion-title-heading title-heading-left fusion-responsive-typography-calculated\" style=\"margin:0;--fontSize:24;line-height:var(--awb-typography1-line-height);\">6.1. \u00dcbergang von Nutzen und Gefahr<\/h3><\/div><div class=\"fusion-text fusion-text-12\"><p>In Abweichung der dispositiven Regelung von Artikel 185 des schweizerischen Obligationenrechts (OR) geht das Risiko des Verlusts oder der Besch\u00e4digung der Ware mit der \u00dcbergabe der Bestellung an den Lieferdienst an den Kunden \u00fcber (vgl. auch Ziff. 3.1. vorstehend).<\/p>\n<\/div><div class=\"fusion-title title fusion-title-18 fusion-sep-none fusion-title-text fusion-title-size-two\" style=\"--awb-margin-top-small:10px;--awb-margin-right-small:0px;--awb-margin-bottom-small:10px;--awb-margin-left-small:0px;\"><h2 class=\"fusion-title-heading title-heading-left fusion-responsive-typography-calculated\" style=\"margin:0;--fontSize:26;line-height:var(--awb-typography1-line-height);\">7. Schlussbestimmungen<\/h2><\/div><div class=\"fusion-title title fusion-title-19 fusion-sep-none fusion-title-text fusion-title-size-three\" style=\"--awb-margin-top-small:10px;--awb-margin-right-small:0px;--awb-margin-bottom-small:10px;--awb-margin-left-small:0px;\"><h3 class=\"fusion-title-heading title-heading-left fusion-responsive-typography-calculated\" style=\"margin:0;--fontSize:24;line-height:var(--awb-typography1-line-height);\">7.1. Widerspr\u00fcche zwischen den Sprachen<\/h3><\/div><div class=\"fusion-text fusion-text-13\"><p>Bei allf\u00e4lligen Unklarheiten und \/ oder Widerspr\u00fcchen zwischen dem deutschen, dem franz\u00f6sischen, dem italienischen und \/ oder dem englischen Text ist ausschliesslich der deutsche Text massgebend.<\/p>\n<\/div><div class=\"fusion-title title fusion-title-20 fusion-sep-none fusion-title-text fusion-title-size-three\" style=\"--awb-margin-top-small:10px;--awb-margin-right-small:0px;--awb-margin-bottom-small:10px;--awb-margin-left-small:0px;\"><h3 class=\"fusion-title-heading title-heading-left fusion-responsive-typography-calculated\" style=\"margin:0;--fontSize:24;line-height:var(--awb-typography1-line-height);\">7.2. \u00c4nderungen der AGB<\/h3><\/div><div class=\"fusion-text fusion-text-14\"><p>Porfit Point beh\u00e4lt sich das Recht vor, die vorliegenden AGB jederzeit zu \u00e4ndern. Die \u00c4nderungen werden auf der Webseite bekannt gemacht und treten jeweils mit der Aufschaltung in Kraft. Mit der ersten Bestellung nach der Aufschaltung der neuen AGB akzeptiert der Kunde die neuen Bestimmungen.<\/p>\n<\/div><div class=\"fusion-title title fusion-title-21 fusion-sep-none fusion-title-text fusion-title-size-three\" style=\"--awb-margin-top-small:10px;--awb-margin-right-small:0px;--awb-margin-bottom-small:10px;--awb-margin-left-small:0px;\"><h3 class=\"fusion-title-heading title-heading-left fusion-responsive-typography-calculated\" style=\"margin:0;--fontSize:24;line-height:var(--awb-typography1-line-height);\">7.3. Anwendbares Recht und Gerichtsstand<\/h3><\/div><div class=\"fusion-text fusion-text-15\"><p>Es ist ausschliesslich schweizerisches Recht anwendbar. Der Gerichtsstand ist Basel-Stadt.<\/p>\n<\/div><\/div><\/div><\/div><\/div>\n","protected":false},"excerpt":{"rendered":"","protected":false},"author":66,"featured_media":0,"parent":0,"menu_order":0,"comment_status":"closed","ping_status":"closed","template":"100-width.php","meta":{"_acf_changed":false,"footnotes":""},"class_list":["post-99","page","type-page","status-publish","hentry"],"acf":[],"_links":{"self":[{"href":"https:\/\/profitpoint.ch\/index.php?rest_route=\/wp\/v2\/pages\/99","targetHints":{"allow":["GET"]}}],"collection":[{"href":"https:\/\/profitpoint.ch\/index.php?rest_route=\/wp\/v2\/pages"}],"about":[{"href":"https:\/\/profitpoint.ch\/index.php?rest_route=\/wp\/v2\/types\/page"}],"author":[{"embeddable":true,"href":"https:\/\/profitpoint.ch\/index.php?rest_route=\/wp\/v2\/users\/66"}],"replies":[{"embeddable":true,"href":"https:\/\/profitpoint.ch\/index.php?rest_route=%2Fwp%2Fv2%2Fcomments&post=99"}],"version-history":[{"count":2,"href":"https:\/\/profitpoint.ch\/index.php?rest_route=\/wp\/v2\/pages\/99\/revisions"}],"predecessor-version":[{"id":5028,"href":"https:\/\/profitpoint.ch\/index.php?rest_route=\/wp\/v2\/pages\/99\/revisions\/5028"}],"wp:attachment":[{"href":"https:\/\/profitpoint.ch\/index.php?rest_route=%2Fwp%2Fv2%2Fmedia&parent=99"}],"curies":[{"name":"wp","href":"https:\/\/api.w.org\/{rel}","templated":true}]}}