 {"id":90,"date":"2025-01-28T15:54:34","date_gmt":"2025-01-28T14:54:34","guid":{"rendered":"https:\/\/dev.profitpoint.ch\/?page_id=90"},"modified":"2025-09-09T23:07:57","modified_gmt":"2025-09-09T21:07:57","slug":"impressum","status":"publish","type":"page","link":"https:\/\/profitpoint.ch\/?page_id=90","title":{"rendered":"Impressum"},"content":{"rendered":"<div class=\"fusion-fullwidth fullwidth-box fusion-builder-row-1 fusion-flex-container has-pattern-background has-mask-background nonhundred-percent-fullwidth non-hundred-percent-height-scrolling fusion-custom-z-index\" style=\"--awb-border-radius-top-left:0px;--awb-border-radius-top-right:0px;--awb-border-radius-bottom-right:0px;--awb-border-radius-bottom-left:0px;--awb-z-index:0;--awb-padding-top:30px;--awb-padding-right-medium:3%;--awb-padding-left-medium:3%;--awb-background-color:var(--awb-color2);--awb-flex-wrap:wrap;\" ><div class=\"fusion-builder-row fusion-row fusion-flex-align-items-flex-start fusion-flex-content-wrap\" style=\"max-width:1580.8px;margin-left: calc(-4% \/ 2 );margin-right: calc(-4% \/ 2 );\"><div class=\"fusion-layout-column fusion_builder_column fusion-builder-column-0 fusion_builder_column_1_1 1_1 fusion-flex-column\" style=\"--awb-bg-size:cover;--awb-width-large:100%;--awb-margin-top-large:0px;--awb-spacing-right-large:1.92%;--awb-margin-bottom-large:20px;--awb-spacing-left-large:1.92%;--awb-width-medium:100%;--awb-order-medium:0;--awb-spacing-right-medium:1.92%;--awb-spacing-left-medium:1.92%;--awb-width-small:100%;--awb-order-small:0;--awb-spacing-right-small:1.92%;--awb-spacing-left-small:1.92%;\"><div class=\"fusion-column-wrapper fusion-column-has-shadow fusion-flex-justify-content-flex-start fusion-content-layout-column\"><div class=\"fusion-title title fusion-title-1 fusion-sep-none fusion-title-text fusion-title-size-one\" style=\"--awb-margin-top-small:10px;--awb-margin-right-small:0px;--awb-margin-bottom-small:10px;--awb-margin-left-small:0px;\"><h1 class=\"fusion-title-heading title-heading-left fusion-responsive-typography-calculated\" style=\"font-family:var(--awb-typography1-font-family);font-weight:var(--awb-typography1-font-weight);font-style:var(--awb-typography1-font-style);margin:0;letter-spacing:var(--awb-typography1-letter-spacing);text-transform:uppercase;--fontSize:30;line-height:var(--awb-typography1-line-height);\">Impressum Profit Point<\/h1><\/div><div class=\"fusion-title title fusion-title-2 fusion-sep-none fusion-title-text fusion-title-size-two\" style=\"--awb-margin-top-small:10px;--awb-margin-right-small:0px;--awb-margin-bottom-small:10px;--awb-margin-left-small:0px;--awb-font-size:24px;\"><h2 class=\"fusion-title-heading title-heading-left fusion-responsive-typography-calculated\" style=\"font-family:var(--awb-typography2-font-family);font-weight:var(--awb-typography2-font-weight);font-style:var(--awb-typography2-font-style);margin:0;font-size:1em;--fontSize:24;line-height:var(--awb-typography1-line-height);\">Verantwortlich f\u00fcr den Inhalt<\/h2><\/div><div class=\"fusion-text fusion-text-1\"><p>Profit Point GmbH<br \/>\nG\u00fcterstrasse 137<br \/>\nCH-4053 Basel<\/p>\n<p>Tel.: +41 78 865 56 59<br \/>\n<a href=\"mailto:info@profitpoint.ch\">info@profitpoint.ch<\/a><\/p>\n<p>MwSt-Nr.: CHE-110.621.374<br \/>\nErf\u00fcllungsort und Gerichtstand: CH-4053 Basel<br \/>\nHandelsregister: Basel-Stadt CH-270.4.013.820-4<br \/>\nGesch\u00e4ftsf\u00fchrer: Himmet Uyumaz<\/p>\n<\/div><div class=\"fusion-title title fusion-title-3 fusion-sep-none fusion-title-text fusion-title-size-two\" style=\"--awb-margin-top-small:10px;--awb-margin-right-small:0px;--awb-margin-bottom-small:10px;--awb-margin-left-small:0px;--awb-font-size:24px;\"><h2 class=\"fusion-title-heading title-heading-left fusion-responsive-typography-calculated\" style=\"font-family:var(--awb-typography2-font-family);font-weight:var(--awb-typography2-font-weight);font-style:var(--awb-typography2-font-style);margin:0;font-size:1em;--fontSize:24;line-height:var(--awb-typography1-line-height);\">Technischer Betrieb<\/h2><\/div><div class=\"fusion-text fusion-text-2\"><p>Muhammet Tasan<br \/>Grienstrasse 101<br \/>CH-4055 Basel<\/p>\n<p>Tel.: +41 76 545 38 99<\/p>\n<p><a href=\"mailto:info@photospirit.ch\">muhammet@<\/a><a href=\"mailto:muhammet@tasan.ch\">tasan<\/a><a href=\"mailto:info@photospirit.ch\">.ch<\/a><br \/>\n<a href=\"https:\/\/www.photospirit.ch\" target=\"_blank\" rel=\"noopener\">www.tasan<\/a><a href=\"https:\/\/www.tasan.ch\" target=\"_blank\" rel=\"noopener noreferrer\">.<\/a><a href=\"https:\/\/www.photospirit.ch\" target=\"_blank\" rel=\"noopener\">ch<\/a><\/p>\n<\/div><div class=\"fusion-title title fusion-title-4 fusion-sep-none fusion-title-text fusion-title-size-two\" style=\"--awb-margin-top-small:10px;--awb-margin-right-small:0px;--awb-margin-bottom-small:10px;--awb-margin-left-small:0px;--awb-font-size:24px;\"><h2 class=\"fusion-title-heading title-heading-left fusion-responsive-typography-calculated\" style=\"font-family:var(--awb-typography2-font-family);font-weight:var(--awb-typography2-font-weight);font-style:var(--awb-typography2-font-style);margin:0;font-size:1em;--fontSize:24;line-height:var(--awb-typography1-line-height);\">Urhebernutzungsrechte<\/h2><\/div><div class=\"fusion-text fusion-text-3\"><p>Die Web-Seiten von profitpoint.ch, ihre Struktur und s\u00e4mtliche darin enthaltenen Funktionalit\u00e4ten, Informationen, Daten, Texte, Bild- und Tonmaterialien sowie alle zur Funktionalit\u00e4t dieser Web-Seiten eingesetzten Komponenten unterliegen dem gesetzlich gesch\u00fctzten Urheberrecht. Der Nutzer darf die Inhalte nur im Rahmen der angebotenen Funktionalit\u00e4ten der Web-Seiten f\u00fcr seinen pers\u00f6nlichen Gebrauch nutzen und erwirbt im \u00dcbrigen keinerlei Rechte an den Inhalten und Programmen. Soweit wir dem Nutzer Software zum Download im Rahmen der Web-Seiten anbieten, beschr\u00e4nkt sich die Nutzungsberechtigung des Nutzers auf die pers\u00f6nliche Verwendung im Rahmen der Nutzung von www.profitpoint.ch<\/p>\n<\/div><div class=\"fusion-title title fusion-title-5 fusion-sep-none fusion-title-text fusion-title-size-two\" style=\"--awb-margin-top-small:10px;--awb-margin-right-small:0px;--awb-margin-bottom-small:10px;--awb-margin-left-small:0px;--awb-font-size:24px;\"><h2 class=\"fusion-title-heading title-heading-left fusion-responsive-typography-calculated\" style=\"font-family:var(--awb-typography2-font-family);font-weight:var(--awb-typography2-font-weight);font-style:var(--awb-typography2-font-style);margin:0;font-size:1em;--fontSize:24;line-height:var(--awb-typography1-line-height);\">Bildnachweise<\/h2><\/div><div class=\"fusion-text fusion-text-4\"><p>Die Produktbilder sind urheberrechtlich gesch\u00fctzt und werden von Profit Point GmbH oder jeweiligen Hersteller\/Importeur\/H\u00e4ndler zur Verf\u00fcgung gestellt.<\/p>\n<p>Icons werden von www.freepik.com und flaticon.com verwendet.<\/p>\n<\/div><\/div><\/div><\/div><\/div>\n","protected":false},"excerpt":{"rendered":"","protected":false},"author":66,"featured_media":0,"parent":0,"menu_order":0,"comment_status":"closed","ping_status":"closed","template":"100-width.php","meta":{"_acf_changed":false,"footnotes":""},"class_list":["post-90","page","type-page","status-publish","hentry"],"acf":[],"_links":{"self":[{"href":"https:\/\/profitpoint.ch\/index.php?rest_route=\/wp\/v2\/pages\/90","targetHints":{"allow":["GET"]}}],"collection":[{"href":"https:\/\/profitpoint.ch\/index.php?rest_route=\/wp\/v2\/pages"}],"about":[{"href":"https:\/\/profitpoint.ch\/index.php?rest_route=\/wp\/v2\/types\/page"}],"author":[{"embeddable":true,"href":"https:\/\/profitpoint.ch\/index.php?rest_route=\/wp\/v2\/users\/66"}],"replies":[{"embeddable":true,"href":"https:\/\/profitpoint.ch\/index.php?rest_route=%2Fwp%2Fv2%2Fcomments&post=90"}],"version-history":[{"count":3,"href":"https:\/\/profitpoint.ch\/index.php?rest_route=\/wp\/v2\/pages\/90\/revisions"}],"predecessor-version":[{"id":6190,"href":"https:\/\/profitpoint.ch\/index.php?rest_route=\/wp\/v2\/pages\/90\/revisions\/6190"}],"wp:attachment":[{"href":"https:\/\/profitpoint.ch\/index.php?rest_route=%2Fwp%2Fv2%2Fmedia&parent=90"}],"curies":[{"name":"wp","href":"https:\/\/api.w.org\/{rel}","templated":true}]}}