 {"id":5176,"date":"2025-06-20T15:14:55","date_gmt":"2025-06-20T13:14:55","guid":{"rendered":"https:\/\/profitpoint.ch\/?page_id=5176"},"modified":"2025-06-20T15:20:03","modified_gmt":"2025-06-20T13:20:03","slug":"ueber-uns","status":"publish","type":"page","link":"https:\/\/profitpoint.ch\/?page_id=5176","title":{"rendered":"\u00dcber uns"},"content":{"rendered":"<div class=\"fusion-fullwidth fullwidth-box fusion-builder-row-1 fusion-flex-container has-pattern-background has-mask-background nonhundred-percent-fullwidth non-hundred-percent-height-scrolling\" style=\"--awb-border-radius-top-left:0px;--awb-border-radius-top-right:0px;--awb-border-radius-bottom-right:0px;--awb-border-radius-bottom-left:0px;--awb-padding-top:20px;--awb-padding-right:2%;--awb-padding-left:2%;--awb-background-color:var(--awb-color2);--awb-flex-wrap:wrap;\" ><div class=\"fusion-builder-row fusion-row fusion-flex-align-items-flex-start fusion-flex-content-wrap\" style=\"max-width:1580.8px;margin-left: calc(-4% \/ 2 );margin-right: calc(-4% \/ 2 );\"><div class=\"fusion-layout-column fusion_builder_column fusion-builder-column-0 fusion_builder_column_1_1 1_1 fusion-flex-column\" style=\"--awb-bg-size:cover;--awb-width-large:100%;--awb-margin-top-large:0px;--awb-spacing-right-large:1.92%;--awb-margin-bottom-large:20px;--awb-spacing-left-large:1.92%;--awb-width-medium:100%;--awb-order-medium:0;--awb-spacing-right-medium:1.92%;--awb-spacing-left-medium:1.92%;--awb-width-small:100%;--awb-order-small:0;--awb-spacing-right-small:1.92%;--awb-spacing-left-small:1.92%;\"><div class=\"fusion-column-wrapper fusion-column-has-shadow fusion-flex-justify-content-flex-start fusion-content-layout-column\"><div class=\"fusion-title title fusion-title-1 fusion-sep-none fusion-title-text fusion-title-size-one\" style=\"--awb-margin-top-small:10px;--awb-margin-right-small:0px;--awb-margin-bottom-small:10px;--awb-margin-left-small:0px;\"><h1 class=\"fusion-title-heading title-heading-left fusion-responsive-typography-calculated\" style=\"margin:0;--fontSize:30;line-height:var(--awb-typography1-line-height);\">\u00dcber Profit Point<\/h1><\/div><div class=\"fusion-text fusion-text-1\"><p data-start=\"170\" data-end=\"471\">Willkommen bei Profit Point \u2013 Ihrem kompetenten Partner f\u00fcr ausgesuchte Lebensmittel, Getr\u00e4nke und Non-Food-Artikel in der Schweiz. Wir bieten Ihnen ein sorgf\u00e4ltig ausgew\u00e4hltes Sortiment, das speziell auf die Bed\u00fcrfnisse des Detailhandels, der Gastronomie aber auch f\u00fcr Privatkunden zugeschnitten ist.<\/p>\n<p data-start=\"473\" data-end=\"737\">Unser Sortiment umfasst neben hochwertigen Lebensmitteln auch eine vielf\u00e4ltige Auswahl an Weinen, Bieren, Spirituosen sowie nicht alkoholischen Getr\u00e4nken. Erg\u00e4nzt wird unser Angebot durch Non-Food-Produkte f\u00fcr K\u00fcche und Bad sowie Kosmetikartikel, die Qualit\u00e4t und Funktionalit\u00e4t vereinen.<\/p>\n<p data-start=\"739\" data-end=\"989\">Dar\u00fcber hinaus f\u00fchren wir spezialisierte Produkte wie CBD-Artikel und Tabakwaren, mit denen wir unterschiedliche Kundenw\u00fcnsche professionell abdecken. Dabei legen wir stets grossen Wert auf Qualit\u00e4t.<\/p>\n<p data-start=\"991\" data-end=\"1013\">Profit Point steht f\u00fcr:<\/p>\n<ul data-start=\"1015\" data-end=\"1454\">\n<li data-start=\"1015\" data-end=\"1148\">\n<p data-start=\"1017\" data-end=\"1148\"><strong data-start=\"1017\" data-end=\"1041\">Vielfalt &amp; Qualit\u00e4t:<\/strong> Von edlen Weinen und Craft-Bieren \u00fcber praktische K\u00fcchen- und Badartikel bis hin zu Kosmetikprodukten.<\/p>\n<\/li>\n<li data-start=\"1149\" data-end=\"1256\">\n<p data-start=\"1151\" data-end=\"1256\"><strong data-start=\"1151\" data-end=\"1181\">Spezialisierte Sortimente:<\/strong> CBD- und Tabakprodukte mit transparenten und gepr\u00fcften Herkunftsangaben.<\/p>\n<\/li>\n<li data-start=\"1257\" data-end=\"1369\">\n<p data-start=\"1259\" data-end=\"1369\"><strong data-start=\"1259\" data-end=\"1290\">Kundenspezifischer Service:<\/strong> Pers\u00f6nliche Beratung und attraktive Konditionen f\u00fcr H\u00e4ndler und Gastronomie.<\/p>\n<\/li>\n<li data-start=\"1370\" data-end=\"1454\">\n<p data-start=\"1372\" data-end=\"1454\"><strong data-start=\"1372\" data-end=\"1392\">Zuverl\u00e4ssigkeit:<\/strong> Schnelle Lieferung und ein kundenorientiertes Serviceangebot.<\/p>\n<\/li>\n<\/ul>\n<p data-start=\"1456\" data-end=\"1604\">Profit Point ist mehr als ein Lieferant \u2013 wir sind Ihr Partner, der Ihnen hilft, Ihr Angebot mit hochwertigen und besonderen Produkten zu bereichern.<\/p>\n<p data-start=\"1606\" data-end=\"1722\">Entdecken Sie unser vielf\u00e4ltiges Sortiment und \u00fcberzeugen Sie sich selbst von unserer Kompetenz und Servicequalit\u00e4t!<\/p>\n<\/div><\/div><\/div><\/div><\/div>\n","protected":false},"excerpt":{"rendered":"","protected":false},"author":66,"featured_media":0,"parent":0,"menu_order":0,"comment_status":"closed","ping_status":"closed","template":"100-width.php","meta":{"_acf_changed":false,"footnotes":""},"class_list":["post-5176","page","type-page","status-publish","hentry"],"acf":[],"_links":{"self":[{"href":"https:\/\/profitpoint.ch\/index.php?rest_route=\/wp\/v2\/pages\/5176","targetHints":{"allow":["GET"]}}],"collection":[{"href":"https:\/\/profitpoint.ch\/index.php?rest_route=\/wp\/v2\/pages"}],"about":[{"href":"https:\/\/profitpoint.ch\/index.php?rest_route=\/wp\/v2\/types\/page"}],"author":[{"embeddable":true,"href":"https:\/\/profitpoint.ch\/index.php?rest_route=\/wp\/v2\/users\/66"}],"replies":[{"embeddable":true,"href":"https:\/\/profitpoint.ch\/index.php?rest_route=%2Fwp%2Fv2%2Fcomments&post=5176"}],"version-history":[{"count":2,"href":"https:\/\/profitpoint.ch\/index.php?rest_route=\/wp\/v2\/pages\/5176\/revisions"}],"predecessor-version":[{"id":5181,"href":"https:\/\/profitpoint.ch\/index.php?rest_route=\/wp\/v2\/pages\/5176\/revisions\/5181"}],"wp:attachment":[{"href":"https:\/\/profitpoint.ch\/index.php?rest_route=%2Fwp%2Fv2%2Fmedia&parent=5176"}],"curies":[{"name":"wp","href":"https:\/\/api.w.org\/{rel}","templated":true}]}}