 {"id":5066,"date":"2025-06-18T15:14:47","date_gmt":"2025-06-18T13:14:47","guid":{"rendered":"https:\/\/profitpoint.ch\/?page_id=5066"},"modified":"2025-06-18T15:14:47","modified_gmt":"2025-06-18T13:14:47","slug":"mein-konto","status":"publish","type":"page","link":"https:\/\/profitpoint.ch\/?page_id=5066","title":{"rendered":"Mein Konto"},"content":{"rendered":"<p><div class=\"fusion-fullwidth fullwidth-box fusion-builder-row-1 fusion-flex-container has-pattern-background has-mask-background nonhundred-percent-fullwidth non-hundred-percent-height-scrolling\" style=\"--awb-border-radius-top-left:0px;--awb-border-radius-top-right:0px;--awb-border-radius-bottom-right:0px;--awb-border-radius-bottom-left:0px;--awb-flex-wrap:wrap;\" ><div class=\"fusion-builder-row fusion-row fusion-flex-align-items-flex-start fusion-flex-justify-content-flex-end fusion-flex-content-wrap\" style=\"max-width:1580.8px;margin-left: calc(-4% \/ 2 );margin-right: calc(-4% \/ 2 );\"><div class=\"fusion-layout-column fusion_builder_column fusion-builder-column-0 fusion_builder_column_1_1 1_1 fusion-flex-column\" style=\"--awb-bg-size:cover;--awb-width-large:100%;--awb-margin-top-large:0px;--awb-spacing-right-large:1.92%;--awb-margin-bottom-large:20px;--awb-spacing-left-large:1.92%;--awb-width-medium:100%;--awb-order-medium:0;--awb-spacing-right-medium:1.92%;--awb-spacing-left-medium:1.92%;--awb-width-small:100%;--awb-order-small:0;--awb-spacing-right-small:1.92%;--awb-spacing-left-small:1.92%;\"><div class=\"fusion-column-wrapper fusion-column-has-shadow fusion-flex-justify-content-flex-start fusion-content-layout-column\"><div class=\"fusion-title title fusion-title-1 fusion-sep-none fusion-title-text fusion-title-size-one\" style=\"--awb-margin-top-small:10px;--awb-margin-right-small:0px;--awb-margin-bottom-small:10px;--awb-margin-left-small:0px;\"><h1 class=\"fusion-title-heading title-heading-left fusion-responsive-typography-calculated\" style=\"margin:0;--fontSize:30;line-height:var(--awb-typography1-line-height);\">Anmeldung \/ Registrierung<\/h1><\/div><div class=\"fusion-text fusion-text-1\"><p>Unser Angebot richtet sich aktuell an Gesch\u00e4ftskunden. Um bei Profit Point einkaufen zu k\u00f6nnen, m\u00fcssen Sie sich als H\u00e4ndler registrieren.<\/p>\n<\/div><\/div><\/div><div class=\"fusion-layout-column fusion_builder_column fusion-builder-column-1 fusion_builder_column_1_2 1_2 fusion-flex-column\" style=\"--awb-bg-size:cover;--awb-width-large:50%;--awb-margin-top-large:0px;--awb-spacing-right-large:3.84%;--awb-margin-bottom-large:20px;--awb-spacing-left-large:3.84%;--awb-width-medium:50%;--awb-order-medium:0;--awb-spacing-right-medium:3.84%;--awb-spacing-left-medium:3.84%;--awb-width-small:100%;--awb-order-small:0;--awb-spacing-right-small:1.92%;--awb-spacing-left-small:1.92%;\" data-scroll-devices=\"small-visibility,medium-visibility,large-visibility\"><div class=\"fusion-column-wrapper fusion-column-has-shadow fusion-flex-justify-content-flex-start fusion-content-layout-column\"><div class=\"fusion-login-box fusion-login-box-1 fusion-login-box-login fusion-login-align-textflow fusion-login-field-layout-stacked\" style=\"--awb-form-background-color:var(--awb-color2);--awb-heading-color:var(--awb-custom_color_1);\"><h3 class=\"fusion-login-heading\">Bestehender Kunde?<\/h3><div class=\"fusion-login-caption\">Hier anmelden!<\/div><form class=\"fusion-login-form\" name=\"loginform\" id=\"loginform\" method=\"post\" action=\"https:\/\/profitpoint.ch\/wp-login.php?itsec-hb-token=anmelden\"><div class=\"fusion-login-fields\"><div class=\"fusion-login-input-wrapper\"><label class=\"fusion-hidden-content\" for=\"user_login-1\">Username or Email<\/label><input type=\"text\" name=\"log\" placeholder=\"Username or Email\" value=\"\" size=\"20\" class=\"fusion-login-username input-text\" id=\"user_login-1\" \/><\/div><div class=\"fusion-login-input-wrapper\"><label class=\"fusion-hidden-content\" for=\"user_pass-1\">Password<\/label><input type=\"password\" name=\"pwd\" placeholder=\"Password\" value=\"\" size=\"20\" class=\"fusion-login-password input-text\" id=\"user_pass-1\" \/><\/div><\/div><div class=\"fusion-login-additional-content\"><div class=\"fusion-login-submit-wrapper\"><button class=\"fusion-login-button fusion-button button-default fusion-button-default-size fusion-login-button-no-fullwidth\" type=\"submit\" name=\"wp-submit\">Log in<\/button><input type=\"hidden\" name=\"user-cookie\" value=\"1\" \/><input type=\"hidden\" name=\"redirect_to\" value=\"https:\/\/profitpoint.ch\/index.php?rest_route=%2Fwp%2Fv2%2Fpages%2F5066\" \/><input type=\"hidden\" name=\"fusion_login_box\" value=\"true\" \/><input type=\"hidden\" name=\"_wp_http_referer\" value=\"\/index.php?rest_route=%2Fwp%2Fv2%2Fpages%2F5066\" \/><span class=\"fusion-login-nonce\" style=\"display:none;\"><\/span><\/div><div class=\"fusion-login-links\"><\/div><\/div><\/form><\/div><\/div><\/div><div class=\"fusion-layout-column fusion_builder_column fusion-builder-column-2 fusion_builder_column_1_2 1_2 fusion-flex-column\" style=\"--awb-bg-size:cover;--awb-width-large:50%;--awb-margin-top-large:0px;--awb-spacing-right-large:3.84%;--awb-margin-bottom-large:20px;--awb-spacing-left-large:3.84%;--awb-width-medium:50%;--awb-order-medium:0;--awb-spacing-right-medium:3.84%;--awb-spacing-left-medium:3.84%;--awb-width-small:100%;--awb-order-small:0;--awb-spacing-right-small:1.92%;--awb-spacing-left-small:1.92%;\"><div class=\"fusion-column-wrapper fusion-column-has-shadow fusion-flex-justify-content-flex-start fusion-content-layout-column\"><div class=\"fusion-title title fusion-title-2 fusion-sep-none fusion-title-text fusion-title-size-three\" style=\"--awb-text-color:var(--awb-custom_color_1);--awb-margin-top:0px;--awb-margin-bottom:0px;--awb-margin-top-small:10px;--awb-margin-right-small:0px;--awb-margin-bottom-small:10px;--awb-margin-left-small:0px;\"><h3 class=\"fusion-title-heading title-heading-left fusion-responsive-typography-calculated\" style=\"margin:0;--fontSize:24;line-height:var(--awb-typography1-line-height);\">Neuer Kunde?<\/h3><\/div><div class=\"fusion-text fusion-text-2\"><p>Hier als Gesch\u00e4ftskunde registrieren!<\/p>\n<\/div><div class=\"fusion-builder-row fusion-builder-row-inner fusion-row fusion-flex-align-items-flex-start fusion-flex-justify-content-flex-end fusion-flex-content-wrap\" style=\"--awb-flex-grow:0;--awb-flex-grow-medium:0;--awb-flex-grow-small:0;--awb-flex-shrink:0;--awb-flex-shrink-medium:0;--awb-flex-shrink-small:0;width:104% !important;max-width:104% !important;margin-left: calc(-4% \/ 2 );margin-right: calc(-4% \/ 2 );\"><div class=\"fusion-layout-column fusion_builder_column_inner fusion-builder-nested-column-0 fusion_builder_column_inner_1_1 1_1 fusion-flex-column\" style=\"--awb-padding-right:20px;--awb-padding-bottom:20px;--awb-padding-left:20px;--awb-bg-color:var(--awb-color2);--awb-bg-color-hover:var(--awb-color2);--awb-bg-size:cover;--awb-width-large:100%;--awb-margin-top-large:0px;--awb-spacing-right-large:1.92%;--awb-margin-bottom-large:20px;--awb-spacing-left-large:1.92%;--awb-width-medium:100%;--awb-order-medium:0;--awb-spacing-right-medium:1.92%;--awb-spacing-left-medium:1.92%;--awb-width-small:100%;--awb-order-small:0;--awb-spacing-right-small:1.92%;--awb-spacing-left-small:1.92%;\" data-scroll-devices=\"small-visibility,medium-visibility,large-visibility\"><div class=\"fusion-column-wrapper fusion-column-has-shadow fusion-flex-justify-content-flex-start fusion-content-layout-column\"><div class=\"fusion-text fusion-text-3\">                <div id=\"whols_user_reg_message\" class=\"whols_user_reg_message\"><\/div>\n                <div class=\"whols_registration_form\">\n                    <form action=\"\" class=\"whols_registration_action woocommerce-billing-fields\" enctype=\"multipart\/form-data\">\n                        <p class=\"whols-form-row validate-required type--text\" id=\"billing_company_field\" data-priority=\"99\"><label for=\"billing_company\" class=\"\">Firma&nbsp;<abbr class=\"required\" title=\"required\">*<\/abbr><\/label><span class=\"whols-input-wrapper\"><input type=\"text\" class=\"input-text \" name=\"billing_company\" id=\"billing_company\" placeholder=\"\" value=\"\" required  \/><\/span><\/p><p class=\"whols-form-row type--text\" id=\"_whols_mwst-nr_field\" data-priority=\"99\"><label for=\"_whols_mwst-nr\" class=\"\">MwSt-Nr.&nbsp;<span class=\"optional\">(optional)<\/span><\/label><span class=\"whols-input-wrapper\"><input type=\"text\" class=\"input-text \" name=\"_whols_mwst-nr\" id=\"_whols_mwst-nr\" placeholder=\"CHE-999.999.999\" value=\"\"  \/><\/span><\/p><p class=\"whols-form-row type--text\" id=\"_whols_hr-nr_field\" data-priority=\"99\"><label for=\"_whols_hr-nr\" class=\"\">HR-Nr.&nbsp;<span class=\"optional\">(optional)<\/span><\/label><span class=\"whols-input-wrapper\"><input type=\"text\" class=\"input-text \" name=\"_whols_hr-nr\" id=\"_whols_hr-nr\" placeholder=\"999.9.999.999-9\" value=\"\"  \/><\/span><\/p><p class=\"whols-form-row validate-required type--text\" id=\"reg_name_field\" data-priority=\"99\"><label for=\"reg_name\" class=\"\">Vorname&nbsp;<abbr class=\"required\" title=\"required\">*<\/abbr><\/label><span class=\"whols-input-wrapper\"><input type=\"text\" class=\"input-text \" name=\"reg_name\" id=\"reg_name\" placeholder=\"\" value=\"\" required  \/><\/span><\/p><p class=\"whols-form-row validate-required type--text\" id=\"_whols_name_field\" data-priority=\"99\"><label for=\"_whols_name\" class=\"\">Nachname&nbsp;<abbr class=\"required\" title=\"required\">*<\/abbr><\/label><span class=\"whols-input-wrapper\"><input type=\"text\" class=\"input-text \" name=\"_whols_name\" id=\"_whols_name\" placeholder=\"\" value=\"\" required  \/><\/span><\/p><p class=\"whols-form-row validate-required type--text\" id=\"billing_address_1_field\" data-priority=\"99\"><label for=\"billing_address_1\" class=\"\">Adresse&nbsp;<abbr class=\"required\" title=\"required\">*<\/abbr><\/label><span class=\"whols-input-wrapper\"><input type=\"text\" class=\"input-text \" name=\"billing_address_1\" id=\"billing_address_1\" placeholder=\"Strasse &amp; Nr.\" value=\"\" required  \/><\/span><\/p><p class=\"whols-form-row validate-required type--text\" id=\"billing_postcode_field\" data-priority=\"99\"><label for=\"billing_postcode\" class=\"\">PLZ&nbsp;<abbr class=\"required\" title=\"required\">*<\/abbr><\/label><span class=\"whols-input-wrapper\"><input type=\"text\" class=\"input-text \" name=\"billing_postcode\" id=\"billing_postcode\" placeholder=\"\" value=\"\" required  \/><\/span><\/p><p class=\"whols-form-row validate-required type--text\" id=\"billing_city_field\" data-priority=\"99\"><label for=\"billing_city\" class=\"\">Ort&nbsp;<abbr class=\"required\" title=\"required\">*<\/abbr><\/label><span class=\"whols-input-wrapper\"><input type=\"text\" class=\"input-text \" name=\"billing_city\" id=\"billing_city\" placeholder=\"\" value=\"\" required  \/><\/span><\/p><p class=\"whols-form-row validate-required type--country form-row\" id=\"billing_country_field\" data-priority=\"99\"><label for=\"billing_country\" class=\"\">Land&nbsp;<abbr class=\"required\" title=\"required\">*<\/abbr><\/label><span class=\"whols-input-wrapper\"><select name=\"billing_country\" id=\"billing_country\" class=\"country_to_state country_select \"  data-placeholder=\"Select a country \/ region&hellip;\" data-label=\"Land\"><option value=\"\">Select a country \/ region&hellip;<\/option><option value=\"LI\" >Liechtenstein<\/option><option value=\"CH\" >Schweiz<\/option><\/select><noscript><button type=\"submit\" name=\"woocommerce_checkout_update_totals\" value=\"Update country \/ region\">Update country \/ region<\/button><\/noscript><\/span><\/p><p class=\"whols-form-row type--text\" id=\"billing_phone_field\" data-priority=\"99\"><label for=\"billing_phone\" class=\"\">Telefon&nbsp;<span class=\"optional\">(optional)<\/span><\/label><span class=\"whols-input-wrapper\"><input type=\"text\" class=\"input-text \" name=\"billing_phone\" id=\"billing_phone\" placeholder=\"\" value=\"\"  \/><\/span><\/p><p class=\"whols-form-row validate-required type--text\" id=\"reg_username_field\" data-priority=\"99\"><label for=\"reg_username\" class=\"\">Benutzername&nbsp;<abbr class=\"required\" title=\"required\">*<\/abbr><\/label><span class=\"whols-input-wrapper\"><input type=\"text\" class=\"input-text \" name=\"reg_username\" id=\"reg_username\" placeholder=\"\" value=\"\" required  \/><\/span><\/p><p class=\"whols-form-row validate-required type--email\" id=\"reg_email_field\" data-priority=\"99\"><label for=\"reg_email\" class=\"\">E-Mail-Adresse&nbsp;<abbr class=\"required\" title=\"required\">*<\/abbr><\/label><span class=\"whols-input-wrapper\"><input type=\"email\" class=\"input-text \" name=\"reg_email\" id=\"reg_email\" placeholder=\"\" value=\"\" required  \/><\/span><\/p><p class=\"whols-form-row validate-required type--password\" id=\"reg_password_field\" data-priority=\"99\"><label for=\"reg_password\" class=\"\">Passwort&nbsp;<abbr class=\"required\" title=\"required\">*<\/abbr><\/label><span class=\"whols-input-wrapper\"><input type=\"password\" class=\"input-text \" name=\"reg_password\" id=\"reg_password\" placeholder=\"\" value=\"\" required  \/><\/span><\/p>\n                                <button type=\"submit\" \n                name=\"reg_submit\" \n                id=\"whols_reg_submit\" \n                class=\"button button-primary\"\n                value=\"Neues H\u00e4ndlerkonto anlegen\">\n            Neues H\u00e4ndlerkonto anlegen        <\/button>\n                            <\/form>\n                <\/div>\n\n                    \n<\/div><\/div><\/div><\/div><\/div><\/div><\/div><\/div><\/p>\n","protected":false},"excerpt":{"rendered":"","protected":false},"author":66,"featured_media":0,"parent":0,"menu_order":0,"comment_status":"closed","ping_status":"closed","template":"","meta":{"_acf_changed":false,"footnotes":""},"class_list":["post-5066","page","type-page","status-publish","hentry"],"acf":[],"_links":{"self":[{"href":"https:\/\/profitpoint.ch\/index.php?rest_route=\/wp\/v2\/pages\/5066","targetHints":{"allow":["GET"]}}],"collection":[{"href":"https:\/\/profitpoint.ch\/index.php?rest_route=\/wp\/v2\/pages"}],"about":[{"href":"https:\/\/profitpoint.ch\/index.php?rest_route=\/wp\/v2\/types\/page"}],"author":[{"embeddable":true,"href":"https:\/\/profitpoint.ch\/index.php?rest_route=\/wp\/v2\/users\/66"}],"replies":[{"embeddable":true,"href":"https:\/\/profitpoint.ch\/index.php?rest_route=%2Fwp%2Fv2%2Fcomments&post=5066"}],"version-history":[{"count":2,"href":"https:\/\/profitpoint.ch\/index.php?rest_route=\/wp\/v2\/pages\/5066\/revisions"}],"predecessor-version":[{"id":5070,"href":"https:\/\/profitpoint.ch\/index.php?rest_route=\/wp\/v2\/pages\/5066\/revisions\/5070"}],"wp:attachment":[{"href":"https:\/\/profitpoint.ch\/index.php?rest_route=%2Fwp%2Fv2%2Fmedia&parent=5066"}],"curies":[{"name":"wp","href":"https:\/\/api.w.org\/{rel}","templated":true}]}}